
{"id":1301,"date":"2020-09-11T17:24:45","date_gmt":"2020-09-11T15:24:45","guid":{"rendered":"https:\/\/pastraclean.com\/product\/sfungjer-trupi-per-femije\/"},"modified":"2020-09-11T17:24:45","modified_gmt":"2020-09-11T15:24:45","slug":"sfungjer-trupi-per-femije","status":"publish","type":"product","link":"https:\/\/pastraclean.com\/sq\/product\/sfungjer-trupi-per-femije\/","title":{"rendered":"Sfungjer trupi p\u00ebr f\u00ebmij\u00eb"},"content":{"rendered":"","protected":false},"excerpt":{"rendered":"<p><strong>P\u00ebrmasat:<\/strong> 12&#215;5 cm<\/p>\n<div id=\"gtx-trans\" style=\"position: absolute; left: -9px; top: 37.6667px;\">\n<div class=\"gtx-trans-icon\"><\/div>\n<\/div>\n","protected":false},"featured_media":1206,"template":"","meta":[],"product_brand":[],"product_cat":[68],"product_tag":[],"class_list":{"0":"post-1301","1":"product","2":"type-product","3":"status-publish","4":"has-post-thumbnail","6":"product_cat-sfungjere-trupi","8":"first","9":"instock","10":"shipping-taxable","11":"product-type-simple"},"_links":{"self":[{"href":"https:\/\/pastraclean.com\/sq\/wp-json\/wp\/v2\/product\/1301","targetHints":{"allow":["GET"]}}],"collection":[{"href":"https:\/\/pastraclean.com\/sq\/wp-json\/wp\/v2\/product"}],"about":[{"href":"https:\/\/pastraclean.com\/sq\/wp-json\/wp\/v2\/types\/product"}],"wp:featuredmedia":[{"embeddable":true,"href":"https:\/\/pastraclean.com\/sq\/wp-json\/wp\/v2\/media\/1206"}],"wp:attachment":[{"href":"https:\/\/pastraclean.com\/sq\/wp-json\/wp\/v2\/media?parent=1301"}],"wp:term":[{"taxonomy":"product_brand","embeddable":true,"href":"https:\/\/pastraclean.com\/sq\/wp-json\/wp\/v2\/product_brand?post=1301"},{"taxonomy":"product_cat","embeddable":true,"href":"https:\/\/pastraclean.com\/sq\/wp-json\/wp\/v2\/product_cat?post=1301"},{"taxonomy":"product_tag","embeddable":true,"href":"https:\/\/pastraclean.com\/sq\/wp-json\/wp\/v2\/product_tag?post=1301"}],"curies":[{"name":"wp","href":"https:\/\/api.w.org\/{rel}","templated":true}]}}