
{"id":1279,"date":"2025-06-15T16:13:51","date_gmt":"2025-06-15T14:13:51","guid":{"rendered":"https:\/\/pastraclean.com\/product\/pecete-shumeperdorimeshe\/"},"modified":"2025-06-15T16:13:51","modified_gmt":"2025-06-15T14:13:51","slug":"pecete-shumeperdorimeshe","status":"publish","type":"product","link":"https:\/\/pastraclean.com\/sq\/product\/pecete-shumeperdorimeshe\/","title":{"rendered":"Pecet\u00eb shum\u00ebp\u00ebrdorim\u00ebshe"},"content":{"rendered":"","protected":false},"excerpt":{"rendered":"<p><strong>P\u00ebrmasat:<\/strong> 56 x 31 cm<\/p>\n","protected":false},"featured_media":1224,"template":"","meta":[],"product_brand":[],"product_cat":[65],"product_tag":[],"class_list":{"0":"post-1279","1":"product","2":"type-product","3":"status-publish","4":"has-post-thumbnail","6":"product_cat-peceta-pastrimi","8":"first","9":"instock","10":"shipping-taxable","11":"product-type-simple"},"_links":{"self":[{"href":"https:\/\/pastraclean.com\/sq\/wp-json\/wp\/v2\/product\/1279","targetHints":{"allow":["GET"]}}],"collection":[{"href":"https:\/\/pastraclean.com\/sq\/wp-json\/wp\/v2\/product"}],"about":[{"href":"https:\/\/pastraclean.com\/sq\/wp-json\/wp\/v2\/types\/product"}],"wp:featuredmedia":[{"embeddable":true,"href":"https:\/\/pastraclean.com\/sq\/wp-json\/wp\/v2\/media\/1224"}],"wp:attachment":[{"href":"https:\/\/pastraclean.com\/sq\/wp-json\/wp\/v2\/media?parent=1279"}],"wp:term":[{"taxonomy":"product_brand","embeddable":true,"href":"https:\/\/pastraclean.com\/sq\/wp-json\/wp\/v2\/product_brand?post=1279"},{"taxonomy":"product_cat","embeddable":true,"href":"https:\/\/pastraclean.com\/sq\/wp-json\/wp\/v2\/product_cat?post=1279"},{"taxonomy":"product_tag","embeddable":true,"href":"https:\/\/pastraclean.com\/sq\/wp-json\/wp\/v2\/product_tag?post=1279"}],"curies":[{"name":"wp","href":"https:\/\/api.w.org\/{rel}","templated":true}]}}