
{"id":1277,"date":"2025-06-15T16:20:49","date_gmt":"2025-06-15T14:20:49","guid":{"rendered":"https:\/\/pastraclean.com\/product\/sfungjer-me-doreze-sfungjer-me-xixa-dhurate\/"},"modified":"2025-06-15T16:20:49","modified_gmt":"2025-06-15T14:20:49","slug":"sfungjer-me-doreze-sfungjer-me-xixa-dhurate","status":"publish","type":"product","link":"https:\/\/pastraclean.com\/sq\/product\/sfungjer-me-doreze-sfungjer-me-xixa-dhurate\/","title":{"rendered":"Sfungjer me dorez\u00eb + sfungjer me xixa dhurat\u00eb"},"content":{"rendered":"","protected":false},"excerpt":{"rendered":"<p><strong>P\u00ebrmasat:<\/strong> 6.6 x 9 x 4.1 cm<\/p>\n","protected":false},"featured_media":1226,"template":"","meta":[],"product_brand":[],"product_cat":[69],"product_tag":[],"class_list":{"0":"post-1277","1":"product","2":"type-product","3":"status-publish","4":"has-post-thumbnail","6":"product_cat-sfungjere-kuzhine","8":"first","9":"instock","10":"shipping-taxable","11":"product-type-simple"},"_links":{"self":[{"href":"https:\/\/pastraclean.com\/sq\/wp-json\/wp\/v2\/product\/1277","targetHints":{"allow":["GET"]}}],"collection":[{"href":"https:\/\/pastraclean.com\/sq\/wp-json\/wp\/v2\/product"}],"about":[{"href":"https:\/\/pastraclean.com\/sq\/wp-json\/wp\/v2\/types\/product"}],"wp:featuredmedia":[{"embeddable":true,"href":"https:\/\/pastraclean.com\/sq\/wp-json\/wp\/v2\/media\/1226"}],"wp:attachment":[{"href":"https:\/\/pastraclean.com\/sq\/wp-json\/wp\/v2\/media?parent=1277"}],"wp:term":[{"taxonomy":"product_brand","embeddable":true,"href":"https:\/\/pastraclean.com\/sq\/wp-json\/wp\/v2\/product_brand?post=1277"},{"taxonomy":"product_cat","embeddable":true,"href":"https:\/\/pastraclean.com\/sq\/wp-json\/wp\/v2\/product_cat?post=1277"},{"taxonomy":"product_tag","embeddable":true,"href":"https:\/\/pastraclean.com\/sq\/wp-json\/wp\/v2\/product_tag?post=1277"}],"curies":[{"name":"wp","href":"https:\/\/api.w.org\/{rel}","templated":true}]}}