
{"id":1275,"date":"2025-06-15T16:38:58","date_gmt":"2025-06-15T14:38:58","guid":{"rendered":"https:\/\/pastraclean.com\/product\/shtupe-fshese-dhurate\/"},"modified":"2025-06-15T16:38:58","modified_gmt":"2025-06-15T14:38:58","slug":"shtupe-fshese-dhurate","status":"publish","type":"product","link":"https:\/\/pastraclean.com\/sq\/product\/shtupe-fshese-dhurate\/","title":{"rendered":"Shtup\u00eb + Fshes\u00eb dhurat\u00eb"},"content":{"rendered":"","protected":false},"excerpt":{"rendered":"","protected":false},"featured_media":1227,"template":"","meta":[],"product_brand":[],"product_cat":[67],"product_tag":[],"class_list":{"0":"post-1275","1":"product","2":"type-product","3":"status-publish","4":"has-post-thumbnail","6":"product_cat-shtupa-per-dysheme","8":"first","9":"instock","10":"shipping-taxable","11":"product-type-simple"},"_links":{"self":[{"href":"https:\/\/pastraclean.com\/sq\/wp-json\/wp\/v2\/product\/1275","targetHints":{"allow":["GET"]}}],"collection":[{"href":"https:\/\/pastraclean.com\/sq\/wp-json\/wp\/v2\/product"}],"about":[{"href":"https:\/\/pastraclean.com\/sq\/wp-json\/wp\/v2\/types\/product"}],"wp:featuredmedia":[{"embeddable":true,"href":"https:\/\/pastraclean.com\/sq\/wp-json\/wp\/v2\/media\/1227"}],"wp:attachment":[{"href":"https:\/\/pastraclean.com\/sq\/wp-json\/wp\/v2\/media?parent=1275"}],"wp:term":[{"taxonomy":"product_brand","embeddable":true,"href":"https:\/\/pastraclean.com\/sq\/wp-json\/wp\/v2\/product_brand?post=1275"},{"taxonomy":"product_cat","embeddable":true,"href":"https:\/\/pastraclean.com\/sq\/wp-json\/wp\/v2\/product_cat?post=1275"},{"taxonomy":"product_tag","embeddable":true,"href":"https:\/\/pastraclean.com\/sq\/wp-json\/wp\/v2\/product_tag?post=1275"}],"curies":[{"name":"wp","href":"https:\/\/api.w.org\/{rel}","templated":true}]}}