
{"id":1264,"date":"2020-10-04T18:05:07","date_gmt":"2020-10-04T16:05:07","guid":{"rendered":"https:\/\/pastraclean.com\/?page_id=1264"},"modified":"2025-06-26T17:33:39","modified_gmt":"2025-06-26T15:33:39","slug":"kontakt","status":"publish","type":"page","link":"https:\/\/pastraclean.com\/sq\/kontakt\/","title":{"rendered":"Kontakt"},"content":{"rendered":"\t\t<div data-elementor-type=\"wp-page\" data-elementor-id=\"1264\" class=\"elementor elementor-1264 elementor-261\">\n\t\t\t\t\t\t<section class=\"elementor-section elementor-top-section elementor-element elementor-element-38d37d5 elementor-section-full_width elementor-section-height-default elementor-section-height-default\" data-id=\"38d37d5\" data-element_type=\"section\" data-e-type=\"section\">\n\t\t\t\t\t\t<div class=\"elementor-container elementor-column-gap-no\">\n\t\t\t\t\t<div class=\"elementor-column elementor-col-100 elementor-top-column elementor-element elementor-element-12e2885\" data-id=\"12e2885\" data-element_type=\"column\" data-e-type=\"column\">\n\t\t\t<div class=\"elementor-widget-wrap elementor-element-populated\">\n\t\t\t\t\t\t<div class=\"elementor-element elementor-element-9567197 elementor-widget elementor-widget-medibazar-breadcrumb\" data-id=\"9567197\" data-element_type=\"widget\" data-e-type=\"widget\" data-widget_type=\"medibazar-breadcrumb.default\">\n\t\t\t\t<div class=\"elementor-widget-container\">\n\t\t\t\t\t<div class=\"breadcrumb-area pt-125 pb-125\" style=\"background-image:url(https:\/\/pastraclean.com\/wp-content\/uploads\/2025\/06\/title-header-1.webp)\"><div class=\"container\"><div class=\"klb-breadcrumb-wrapper\"><div class=\"row\"><div class=\"col-xl-12\"><div class=\"breadcrumb-text\"><h1>Kontakt<\/h1><\/div><\/div><ul class=\"breadcrumb-menu\"><li><a  href=\"https:\/\/pastraclean.com\/sq\/\" title=\"Home\" rel=\"bookmark\">Home<\/a> <\/li>  <\/ul><\/div><\/div><\/div><\/div>\t\t\t\t<\/div>\n\t\t\t\t<\/div>\n\t\t\t\t\t<\/div>\n\t\t<\/div>\n\t\t\t\t\t<\/div>\n\t\t<\/section>\n\t\t\t\t<section class=\"elementor-section elementor-top-section elementor-element elementor-element-543fef7 elementor-section-content-middle elementor-section-boxed elementor-section-height-default elementor-section-height-default\" data-id=\"543fef7\" data-element_type=\"section\" data-e-type=\"section\">\n\t\t\t\t\t\t<div class=\"elementor-container elementor-column-gap-extended\">\n\t\t\t\t\t<div class=\"elementor-column elementor-col-50 elementor-top-column elementor-element elementor-element-d0e230e\" data-id=\"d0e230e\" data-element_type=\"column\" data-e-type=\"column\">\n\t\t\t<div class=\"elementor-widget-wrap elementor-element-populated\">\n\t\t\t\t\t\t<div class=\"elementor-element elementor-element-aa2b926 elementor-widget elementor-widget-medibazar-contact-list\" data-id=\"aa2b926\" data-element_type=\"widget\" data-e-type=\"widget\" data-widget_type=\"medibazar-contact-list.default\">\n\t\t\t\t<div class=\"elementor-widget-container\">\n\t\t\t\t\t<div class=\"contact-address-wrapper\"><div class=\"section-title mb-30\"><h2>Na kontaktoni<\/h2><p><\/p><\/div><ul class=\"contact-address-link\"><li><div class=\"contact-address-icon f-left mr-25\"><i class=\"far fa-map-marked-alt\"><\/i><\/div><div class=\"contact-address-text\"><span>Adresa<\/span><h4>Jorgucat, Gjirokaster<\/h4><\/div><\/li><li><div class=\"contact-address-icon f-left mr-25\"><i class=\"far fa-phone\"><\/i><\/div><div class=\"contact-address-text\"><span>Telefon<\/span><h4><a href=\"tel:+355682074851\">+355682074851<\/a>\n <br> <a href=\"tel:+355693561606\">+355693561606<\/a><\/h4><\/div><\/li><li><div class=\"contact-address-icon f-left mr-25\"><i class=\"far fa-envelope-open\"><\/i><\/div><div class=\"contact-address-text\"><span>Email<\/span><h4><a href=\"mailto:info@pastraclean.com\">info@pastraclean.com<\/a> <br> <a href=\"mailto:sales@pastraclean.com\">sales@pastraclean.com<\/a>\n<a href=\"mailto:marketing@pastraclean.com\">marketing@pastraclean.com<\/a><\/h4><\/div><\/li><\/ul><\/div>\t\t\t\t<\/div>\n\t\t\t\t<\/div>\n\t\t\t\t\t<\/div>\n\t\t<\/div>\n\t\t\t\t<div class=\"elementor-column elementor-col-50 elementor-top-column elementor-element elementor-element-3b8ac33\" data-id=\"3b8ac33\" data-element_type=\"column\" data-e-type=\"column\">\n\t\t\t<div class=\"elementor-widget-wrap elementor-element-populated\">\n\t\t\t\t\t\t<div class=\"elementor-element elementor-element-aa2caf5 elementor-widget elementor-widget-text-editor\" data-id=\"aa2caf5\" data-element_type=\"widget\" data-e-type=\"widget\" data-widget_type=\"text-editor.default\">\n\t\t\t\t<div class=\"elementor-widget-container\">\n\t\t\t\t\t\t\t\t\t<iframe src=\"https:\/\/www.google.com\/maps\/embed?pb=!1m18!1m12!1m3!1d6118.398047357468!2d20.267135999999997!3d39.936937650000004!2m3!1f0!2f0!3f0!3m2!1i1024!2i768!4f13.1!3m3!1m2!1s0x135b0890e1972275%3A0xca43acd3331a6554!2sJorgucat!5e0!3m2!1sit!2s!4v1750671409762!5m2!1sit!2s\" width=\"100%\" height=\"500\" style=\"border:0;\" allowfullscreen=\"\" loading=\"lazy\" referrerpolicy=\"no-referrer-when-downgrade\"><\/iframe>\t\t\t\t\t\t\t\t<\/div>\n\t\t\t\t<\/div>\n\t\t\t\t\t<\/div>\n\t\t<\/div>\n\t\t\t\t\t<\/div>\n\t\t<\/section>\n\t\t\t\t<section class=\"elementor-section elementor-top-section elementor-element elementor-element-25a36eb elementor-section-boxed elementor-section-height-default elementor-section-height-default\" data-id=\"25a36eb\" data-element_type=\"section\" data-e-type=\"section\">\n\t\t\t\t\t\t<div class=\"elementor-container elementor-column-gap-extended\">\n\t\t\t\t\t<div class=\"elementor-column elementor-col-100 elementor-top-column elementor-element elementor-element-c4deea9\" data-id=\"c4deea9\" data-element_type=\"column\" data-e-type=\"column\">\n\t\t\t<div class=\"elementor-widget-wrap elementor-element-populated\">\n\t\t\t\t\t\t<div class=\"elementor-element elementor-element-206ba78 elementor-widget elementor-widget-medibazar-contact-form-7\" data-id=\"206ba78\" data-element_type=\"widget\" data-e-type=\"widget\" data-widget_type=\"medibazar-contact-form-7.default\">\n\t\t\t\t<div class=\"elementor-widget-container\">\n\t\t\t\t\t<div class=\"klb-contact-form\"><div class=\"section-title text-center mb-65\"><h2>Na d\u00ebrgoni nj\u00eb mesazh\n<\/h2><p>Na kontaktoni p\u00ebr \u00e7do pyetje, sugjerim apo bashk\u00ebpunim!\n\n<\/p><\/div>\n<div class=\"wpcf7 no-js\" id=\"wpcf7-f1270-o1\" lang=\"sq-AL\" dir=\"ltr\" data-wpcf7-id=\"1270\">\n<div class=\"screen-reader-response\"><p role=\"status\" aria-live=\"polite\" aria-atomic=\"true\"><\/p> <ul><\/ul><\/div>\n<form action=\"\/sq\/wp-json\/wp\/v2\/pages\/1264#wpcf7-f1270-o1\" method=\"post\" class=\"wpcf7-form init\" aria-label=\"Contact form\" novalidate=\"novalidate\" data-status=\"init\">\n<fieldset class=\"hidden-fields-container\"><input type=\"hidden\" name=\"_wpcf7\" value=\"1270\" \/><input type=\"hidden\" name=\"_wpcf7_version\" value=\"6.1.5\" \/><input type=\"hidden\" name=\"_wpcf7_locale\" value=\"sq_AL\" \/><input type=\"hidden\" name=\"_wpcf7_unit_tag\" value=\"wpcf7-f1270-o1\" \/><input type=\"hidden\" name=\"_wpcf7_container_post\" value=\"0\" \/><input type=\"hidden\" name=\"_wpcf7_posted_data_hash\" value=\"\" \/>\n<\/fieldset>\n<div class=\"contacts-form \">\n\t<div class=\"row\">\n\t\t<div class=\"col-lg-4 col-md-12\">\n\t\t\t<div class=\"contacts-icon contactss-name\">\n\t\t\t\t<p><span class=\"wpcf7-form-control-wrap\" data-name=\"your-name\"><input size=\"40\" maxlength=\"400\" class=\"wpcf7-form-control wpcf7-text wpcf7-validates-as-required\" aria-required=\"true\" aria-invalid=\"false\" placeholder=\"Emri\" value=\"\" type=\"text\" name=\"your-name\" \/><\/span>\n\t\t\t\t<\/p>\n\t\t\t<\/div>\n\t\t<\/div>\n\t\t<div class=\"col-lg-4 col-md-12\">\n\t\t\t<div class=\"contacts-icon contactss-email\">\n\t\t\t\t<p><span class=\"wpcf7-form-control-wrap\" data-name=\"your-email\"><input size=\"40\" maxlength=\"400\" class=\"wpcf7-form-control wpcf7-email wpcf7-validates-as-required wpcf7-text wpcf7-validates-as-email\" aria-required=\"true\" aria-invalid=\"false\" placeholder=\"Email\" value=\"\" type=\"email\" name=\"your-email\" \/><\/span>\n\t\t\t\t<\/p>\n\t\t\t<\/div>\n\t\t<\/div>\n\t\t<div class=\"col-lg-4 col-md-12\">\n\t\t\t<div class=\"contacts-icon contactss-website\">\n\t\t\t\t<p><span class=\"wpcf7-form-control-wrap\" data-name=\"your-subject\"><input size=\"40\" maxlength=\"400\" class=\"wpcf7-form-control wpcf7-text\" aria-invalid=\"false\" placeholder=\"Subjekti\" value=\"\" type=\"text\" name=\"your-subject\" \/><\/span>\n\t\t\t\t<\/p>\n\t\t\t<\/div>\n\t\t<\/div>\n\t\t<div class=\"col-lg-12\">\n\t\t\t<div class=\"contacts-icon contactss-message\">\n\t\t\t\t<p><span class=\"wpcf7-form-control-wrap\" data-name=\"your-message\"><textarea cols=\"40\" rows=\"10\" maxlength=\"2000\" class=\"wpcf7-form-control wpcf7-textarea\" aria-invalid=\"false\" placeholder=\"Mesazhi\" name=\"your-message\"><\/textarea><\/span>\n\t\t\t\t<\/p>\n\t\t\t<\/div>\n\t\t<\/div>\n\t\t<div class=\"col-lg-12\">\n\t\t\t<div class=\"contacts-form-button text-center\">\n\t\t\t\t<p><div class=\"cf7-cf-turnstile\" style=\"margin-top: 0px; margin-bottom: -15px;\"> <div id=\"cf-turnstile-cf7-1583047279\" class=\"cf-turnstile\" data-sitekey=\"0x4AAAAAABiU3NLzT8SAuBQK\" data-theme=\"light\" data-language=\"auto\" data-size=\"normal\" data-retry=\"auto\" data-retry-interval=\"1000\" data-refresh-expired=\"auto\" data-refresh-timeout=\"auto\" data-action=\"contact-form-7\" data-callback=\"turnstileCF7Callback\" data-appearance=\"always\"><\/div> <script>document.addEventListener(\"DOMContentLoaded\", function() { setTimeout(function(){ var e=document.getElementById(\"cf-turnstile-cf7-1583047279\"); if(e&&!e.innerHTML.trim()){turnstile.render(e, {sitekey:\"0x4AAAAAABiU3NLzT8SAuBQK\"});} }, 200); });<\/script> <br class=\"cf-turnstile-br cf-turnstile-br-cf7-1583047279\"> <style>#cf-turnstile-cf7-1583047279 { margin-left: -15px; }<\/style> <script>document.addEventListener(\"DOMContentLoaded\",function(){document.querySelectorAll('.wpcf7-form').forEach(function(e){e.addEventListener('submit',function(){if(document.getElementById('cf-turnstile-cf7-1583047279')){setTimeout(function(){turnstile.reset('#cf-turnstile-cf7-1583047279');},1000)}})})});<\/script> <\/div><br \/>\n<input class=\"wpcf7-form-control wpcf7-submit has-spinner\" type=\"submit\" value=\"D\u00ebrgo mesazhin\" \/>\n\t\t\t\t<\/p>\n\t\t\t<\/div>\n\t\t<\/div>\n\t<\/div>\n<\/div><div class=\"wpcf7-response-output\" aria-hidden=\"true\"><\/div>\n<\/form>\n<\/div>\n<\/div>\t\t\t\t<\/div>\n\t\t\t\t<\/div>\n\t\t\t\t\t<\/div>\n\t\t<\/div>\n\t\t\t\t\t<\/div>\n\t\t<\/section>\n\t\t\t\t<\/div>\n\t\t","protected":false},"excerpt":{"rendered":"<p>Kontakt Home Na kontaktoni Adresa Jorgucat, Gjirokaster Telefon +355682074851 +355693561606 Email info@pastraclean.com sales@pastraclean.com marketing@pastraclean.com Na d\u00ebrgoni nj\u00eb mesazh Na kontaktoni p\u00ebr \u00e7do pyetje, sugjerim apo bashk\u00ebpunim!<\/p>\n","protected":false},"author":2,"featured_media":0,"parent":0,"menu_order":0,"comment_status":"closed","ping_status":"closed","template":"","meta":{"footnotes":""},"class_list":["post-1264","page","type-page","status-publish","hentry"],"_links":{"self":[{"href":"https:\/\/pastraclean.com\/sq\/wp-json\/wp\/v2\/pages\/1264","targetHints":{"allow":["GET"]}}],"collection":[{"href":"https:\/\/pastraclean.com\/sq\/wp-json\/wp\/v2\/pages"}],"about":[{"href":"https:\/\/pastraclean.com\/sq\/wp-json\/wp\/v2\/types\/page"}],"author":[{"embeddable":true,"href":"https:\/\/pastraclean.com\/sq\/wp-json\/wp\/v2\/users\/2"}],"replies":[{"embeddable":true,"href":"https:\/\/pastraclean.com\/sq\/wp-json\/wp\/v2\/comments?post=1264"}],"version-history":[{"count":20,"href":"https:\/\/pastraclean.com\/sq\/wp-json\/wp\/v2\/pages\/1264\/revisions"}],"predecessor-version":[{"id":1362,"href":"https:\/\/pastraclean.com\/sq\/wp-json\/wp\/v2\/pages\/1264\/revisions\/1362"}],"wp:attachment":[{"href":"https:\/\/pastraclean.com\/sq\/wp-json\/wp\/v2\/media?parent=1264"}],"curies":[{"name":"wp","href":"https:\/\/api.w.org\/{rel}","templated":true}]}}