
{"id":1254,"date":"2020-10-03T17:18:39","date_gmt":"2020-10-03T15:18:39","guid":{"rendered":"https:\/\/pastraclean.com\/?page_id=1254"},"modified":"2025-06-26T18:00:56","modified_gmt":"2025-06-26T16:00:56","slug":"rreth-nesh","status":"publish","type":"page","link":"https:\/\/pastraclean.com\/sq\/rreth-nesh\/","title":{"rendered":"Rreth Nesh"},"content":{"rendered":"\t\t<div data-elementor-type=\"wp-page\" data-elementor-id=\"1254\" class=\"elementor elementor-1254 elementor-211\">\n\t\t\t\t\t\t<section class=\"elementor-section elementor-top-section elementor-element elementor-element-561f394 elementor-section-full_width elementor-section-height-default elementor-section-height-default\" data-id=\"561f394\" data-element_type=\"section\" data-e-type=\"section\">\n\t\t\t\t\t\t<div class=\"elementor-container elementor-column-gap-no\">\n\t\t\t\t\t<div class=\"elementor-column elementor-col-100 elementor-top-column elementor-element elementor-element-a322092\" data-id=\"a322092\" data-element_type=\"column\" data-e-type=\"column\">\n\t\t\t<div class=\"elementor-widget-wrap elementor-element-populated\">\n\t\t\t\t\t\t<div class=\"elementor-element elementor-element-c63c006 elementor-widget elementor-widget-medibazar-breadcrumb\" data-id=\"c63c006\" data-element_type=\"widget\" data-e-type=\"widget\" data-widget_type=\"medibazar-breadcrumb.default\">\n\t\t\t\t<div class=\"elementor-widget-container\">\n\t\t\t\t\t<div class=\"breadcrumb-area pt-125 pb-125\" style=\"background-image:url(https:\/\/pastraclean.com\/wp-content\/uploads\/2025\/06\/title-header-1.webp)\"><div class=\"container\"><div class=\"klb-breadcrumb-wrapper\"><div class=\"row\"><div class=\"col-xl-12\"><div class=\"breadcrumb-text\"><h1>Rreth Nesh<\/h1><\/div><\/div><ul class=\"breadcrumb-menu\"><li><a  href=\"https:\/\/pastraclean.com\/sq\/\" title=\"Home\" rel=\"bookmark\">Home<\/a> <\/li>  <\/ul><\/div><\/div><\/div><\/div>\t\t\t\t<\/div>\n\t\t\t\t<\/div>\n\t\t\t\t\t<\/div>\n\t\t<\/div>\n\t\t\t\t\t<\/div>\n\t\t<\/section>\n\t\t\t\t<section class=\"elementor-section elementor-top-section elementor-element elementor-element-f2b26de elementor-section-content-middle elementor-section-boxed elementor-section-height-default elementor-section-height-default\" data-id=\"f2b26de\" data-element_type=\"section\" data-e-type=\"section\">\n\t\t\t\t\t\t<div class=\"elementor-container elementor-column-gap-default\">\n\t\t\t\t\t<div class=\"elementor-column elementor-col-50 elementor-top-column elementor-element elementor-element-8a69543\" data-id=\"8a69543\" data-element_type=\"column\" data-e-type=\"column\">\n\t\t\t<div class=\"elementor-widget-wrap elementor-element-populated\">\n\t\t\t\t\t\t<div class=\"elementor-element elementor-element-d5523dd elementor-widget elementor-widget-medibazar-single-image\" data-id=\"d5523dd\" data-element_type=\"widget\" data-e-type=\"widget\" data-widget_type=\"medibazar-single-image.default\">\n\t\t\t\t<div class=\"elementor-widget-container\">\n\t\t\t\t\t<div class=\"about-img pos-rel\"><img decoding=\"async\" src=\"https:\/\/pastraclean.com\/wp-content\/uploads\/2025\/06\/about-us-1.jpg\" alt=\"mission\"><div class=\"about-tag\"><h2>20 +<\/h2><span>Vite<br> Eksperienc\u00eb<\/span><\/div><\/div>\t\t\t\t<\/div>\n\t\t\t\t<\/div>\n\t\t\t\t\t<\/div>\n\t\t<\/div>\n\t\t\t\t<div class=\"elementor-column elementor-col-50 elementor-top-column elementor-element elementor-element-b10b399\" data-id=\"b10b399\" data-element_type=\"column\" data-e-type=\"column\">\n\t\t\t<div class=\"elementor-widget-wrap elementor-element-populated\">\n\t\t\t\t\t\t<div class=\"elementor-element elementor-element-b209289 elementor-widget elementor-widget-medibazar-block-list\" data-id=\"b209289\" data-element_type=\"widget\" data-e-type=\"widget\" data-widget_type=\"medibazar-block-list.default\">\n\t\t\t\t<div class=\"elementor-widget-container\">\n\t\t\t\t\t<div class=\"section-title mb-40\"><h2>Historia dhe vizioni i Pastra<\/h2><p>Me mbi 20 vjet eksperienc\u00eb dhe nj\u00eb vendosm\u00ebri ndaj cil\u00ebsis\u00eb, PASTRA shk\u00eblqen n\u00eb prodhimin dhe tregtimin e produkteve t\u00eb pastrimit n\u00eb t\u00eb gjith\u00eb rajonin. Q\u00eb nga themelimi yn\u00eb, ne kemi ofruar vazhdimisht zgjidhje pastrimi efikase dhe t\u00eb besueshme p\u00ebr \u00e7do nevoj\u00eb, n\u00ebp\u00ebrmjet inovacionit t\u00eb vazhduesh\u00ebm.<\/p><\/div><div class=\"about-item\"><ul><li><div class=\"about-text\"><h4><i class=\"far fa-check-circle\"><\/i>Misioni yn\u00eb<\/h4><p>Misioni yn\u00eb \u00ebsht\u00eb t\u00eb thjeshtojm\u00eb jet\u00ebn e konsumator\u00ebve dhe bizneseve duke ofruar produkte pastrimi q\u00eb garantojn\u00eb higjien\u00eb, shk\u00eblqim dhe nj\u00eb mjedis t\u00eb sh\u00ebndetsh\u00ebm. Ne besojm\u00eb se past\u00ebrtia \u00ebsht\u00eb themeli i mir\u00ebqenies, dhe jemi t\u00eb p\u00ebrkushtuar ta nd\u00ebrtojm\u00eb k\u00ebt\u00eb themel me \u00e7do produkt q\u00eb sjellim n\u00eb treg.<\/p><\/div><\/li><li><div class=\"about-text\"><h4><i class=\"far fa-check-circle\"><\/i>Vizioni yn\u00eb<\/h4><p>Vizioni yn\u00eb \u00ebsht\u00eb t\u00eb ruajm\u00eb pozicionin ton\u00eb udh\u00ebheq\u00ebs duke zgjeruar vazhdimisht gam\u00ebn e produkteve dhe duke u p\u00ebrshtatur me nevojat n\u00eb zhvillim t\u00eb tregut. Synojm\u00eb t\u00eb jemi zgjedhja e par\u00eb p\u00ebr \u00e7do familje dhe biznes kur b\u00ebhet fjal\u00eb p\u00ebr pastrimin, duke inovuar dhe duke iu p\u00ebrmbajtur praktikave m\u00eb t\u00eb mira nd\u00ebrkomb\u00ebtare.<\/p><\/div><\/li><\/ul><\/div><div class=\"about-button mt-45\"><a href=\"https:\/\/pastraclean.com\/sq\/kontakt\/\"  class=\"c-btn\">Na Kontakto <i class=\"far fa-plus\"><\/i><\/a><\/div>\t\t\t\t<\/div>\n\t\t\t\t<\/div>\n\t\t\t\t\t<\/div>\n\t\t<\/div>\n\t\t\t\t\t<\/div>\n\t\t<\/section>\n\t\t\t\t<section class=\"elementor-section elementor-top-section elementor-element elementor-element-19ffbb4 elementor-section-full_width elementor-section-height-default elementor-section-height-default\" data-id=\"19ffbb4\" data-element_type=\"section\" data-e-type=\"section\" data-settings=\"{&quot;background_background&quot;:&quot;classic&quot;}\">\n\t\t\t\t\t\t<div class=\"elementor-container elementor-column-gap-no\">\n\t\t\t\t\t<div class=\"elementor-column elementor-col-100 elementor-top-column elementor-element elementor-element-fba7723\" data-id=\"fba7723\" data-element_type=\"column\" data-e-type=\"column\">\n\t\t\t<div class=\"elementor-widget-wrap elementor-element-populated\">\n\t\t\t\t\t\t<section class=\"elementor-section elementor-inner-section elementor-element elementor-element-fb21b99 elementor-section-boxed elementor-section-height-default elementor-section-height-default\" data-id=\"fb21b99\" data-element_type=\"section\" data-e-type=\"section\">\n\t\t\t\t\t\t<div class=\"elementor-container elementor-column-gap-extended\">\n\t\t\t\t\t<div class=\"elementor-column elementor-col-100 elementor-inner-column elementor-element elementor-element-9b8df0b\" data-id=\"9b8df0b\" data-element_type=\"column\" data-e-type=\"column\">\n\t\t\t<div class=\"elementor-widget-wrap elementor-element-populated\">\n\t\t\t\t\t\t<div class=\"elementor-element elementor-element-f78ce2a elementor-widget elementor-widget-medibazar-custom-title\" data-id=\"f78ce2a\" data-element_type=\"widget\" data-e-type=\"widget\" data-widget_type=\"medibazar-custom-title.default\">\n\t\t\t\t<div class=\"elementor-widget-container\">\n\t\t\t\t\t<div class=\"section-title text-center\"><h2>Vlerat tona<\/h2><p><\/p><\/div>\t\t\t\t<\/div>\n\t\t\t\t<\/div>\n\t\t\t\t\t<\/div>\n\t\t<\/div>\n\t\t\t\t\t<\/div>\n\t\t<\/section>\n\t\t\t\t<section class=\"elementor-section elementor-inner-section elementor-element elementor-element-530ffb6 elementor-section-boxed elementor-section-height-default elementor-section-height-default\" data-id=\"530ffb6\" data-element_type=\"section\" data-e-type=\"section\">\n\t\t\t\t\t\t<div class=\"elementor-container elementor-column-gap-extended\">\n\t\t\t\t\t<div class=\"elementor-column elementor-col-25 elementor-inner-column elementor-element elementor-element-4bade9c\" data-id=\"4bade9c\" data-element_type=\"column\" data-e-type=\"column\">\n\t\t\t<div class=\"elementor-widget-wrap elementor-element-populated\">\n\t\t\t\t\t\t<div class=\"elementor-element elementor-element-54f13f2 elementor-widget elementor-widget-medibazar-image-box\" data-id=\"54f13f2\" data-element_type=\"widget\" data-e-type=\"widget\" data-widget_type=\"medibazar-image-box.default\">\n\t\t\t\t<div class=\"elementor-widget-container\">\n\t\t\t\t\t<div class=\"feature-02-wrapper text-center\"><div class=\"p-feature-text\"><h3>Cil\u00ebsia<\/h3><div class=\"feature-02-icon\"><img decoding=\"async\" src=\"\" alt=\"\"><\/div><p>Angazhimi yn\u00eb par\u00ebsor \u00ebsht\u00eb t\u00eb ofrojm\u00eb produkte me cil\u00ebsi t\u00eb lart\u00eb dhe performanc\u00eb t\u00eb q\u00ebndrueshme.<\/p><a href=\"\/kontakt\/\" ><i class=\"fal fa-long-arrow-right\"><\/i><\/a><\/div><\/div>\t\t\t\t<\/div>\n\t\t\t\t<\/div>\n\t\t\t\t\t<\/div>\n\t\t<\/div>\n\t\t\t\t<div class=\"elementor-column elementor-col-25 elementor-inner-column elementor-element elementor-element-e7cdce0\" data-id=\"e7cdce0\" data-element_type=\"column\" data-e-type=\"column\">\n\t\t\t<div class=\"elementor-widget-wrap elementor-element-populated\">\n\t\t\t\t\t\t<div class=\"elementor-element elementor-element-e58509b elementor-widget elementor-widget-medibazar-image-box\" data-id=\"e58509b\" data-element_type=\"widget\" data-e-type=\"widget\" data-widget_type=\"medibazar-image-box.default\">\n\t\t\t\t<div class=\"elementor-widget-container\">\n\t\t\t\t\t<div class=\"feature-02-wrapper text-center\"><div class=\"p-feature-text\"><h3>Besueshm\u00ebria<\/h3><div class=\"feature-02-icon\"><img decoding=\"async\" src=\"\" alt=\"\"><\/div><p>Jemi nj\u00eb partner i besuesh\u00ebm p\u00ebr bizneset, duke ofruar zgjidhje t\u00eb testuara dhe t\u00eb provuara.<\/p><a href=\"\/kontakt\/\" ><i class=\"fal fa-long-arrow-right\"><\/i><\/a><\/div><\/div>\t\t\t\t<\/div>\n\t\t\t\t<\/div>\n\t\t\t\t\t<\/div>\n\t\t<\/div>\n\t\t\t\t<div class=\"elementor-column elementor-col-25 elementor-inner-column elementor-element elementor-element-cecb8b7\" data-id=\"cecb8b7\" data-element_type=\"column\" data-e-type=\"column\">\n\t\t\t<div class=\"elementor-widget-wrap elementor-element-populated\">\n\t\t\t\t\t\t<div class=\"elementor-element elementor-element-fff8c11 elementor-widget elementor-widget-medibazar-image-box\" data-id=\"fff8c11\" data-element_type=\"widget\" data-e-type=\"widget\" data-widget_type=\"medibazar-image-box.default\">\n\t\t\t\t<div class=\"elementor-widget-container\">\n\t\t\t\t\t<div class=\"feature-02-wrapper text-center\"><div class=\"p-feature-text\"><h3>Inovacioni<\/h3><div class=\"feature-02-icon\"><img decoding=\"async\" src=\"\" alt=\"\"><\/div><p>Ne k\u00ebrkojm\u00eb vazhdimisht m\u00ebnyra t\u00eb reja dhe efikase p\u00ebr t\u00eb p\u00ebrmir\u00ebsuar produktet e pastrimit me teknologjin\u00eb m\u00eb t\u00eb fundit.<\/p><a href=\"\/kontakt\/\" ><i class=\"fal fa-long-arrow-right\"><\/i><\/a><\/div><\/div>\t\t\t\t<\/div>\n\t\t\t\t<\/div>\n\t\t\t\t\t<\/div>\n\t\t<\/div>\n\t\t\t\t<div class=\"elementor-column elementor-col-25 elementor-inner-column elementor-element elementor-element-f487add\" data-id=\"f487add\" data-element_type=\"column\" data-e-type=\"column\">\n\t\t\t<div class=\"elementor-widget-wrap elementor-element-populated\">\n\t\t\t\t\t\t<div class=\"elementor-element elementor-element-06d135a elementor-widget elementor-widget-medibazar-image-box\" data-id=\"06d135a\" data-element_type=\"widget\" data-e-type=\"widget\" data-widget_type=\"medibazar-image-box.default\">\n\t\t\t\t<div class=\"elementor-widget-container\">\n\t\t\t\t\t<div class=\"feature-02-wrapper text-center\"><div class=\"p-feature-text\"><h3>P\u00ebrgjegjshm\u00ebria<\/h3><div class=\"feature-02-icon\"><img decoding=\"async\" src=\"\" alt=\"\"><\/div><p>Ne jemi t\u00eb p\u00ebrgjegjsh\u00ebm ndaj komunitetit dhe mjedisit, duke u p\u00ebrpjekur p\u00ebr procese prodhimi sa m\u00eb t\u00eb q\u00ebndrueshme.<\/p><a href=\"\/kontakt\/\" ><i class=\"fal fa-long-arrow-right\"><\/i><\/a><\/div><\/div>\t\t\t\t<\/div>\n\t\t\t\t<\/div>\n\t\t\t\t\t<\/div>\n\t\t<\/div>\n\t\t\t\t\t<\/div>\n\t\t<\/section>\n\t\t\t\t\t<\/div>\n\t\t<\/div>\n\t\t\t\t\t<\/div>\n\t\t<\/section>\n\t\t\t\t<section class=\"elementor-section elementor-top-section elementor-element elementor-element-c284dca elementor-section-boxed elementor-section-height-default elementor-section-height-default\" data-id=\"c284dca\" data-element_type=\"section\" data-e-type=\"section\">\n\t\t\t\t\t\t<div class=\"elementor-container elementor-column-gap-no\">\n\t\t\t\t\t<div class=\"elementor-column elementor-col-100 elementor-top-column elementor-element elementor-element-ecc5a5a\" data-id=\"ecc5a5a\" data-element_type=\"column\" data-e-type=\"column\" data-settings=\"{&quot;background_background&quot;:&quot;classic&quot;}\">\n\t\t\t<div class=\"elementor-widget-wrap elementor-element-populated\">\n\t\t\t\t\t\t<div class=\"elementor-element elementor-element-8b798f4 elementor-widget elementor-widget-heading\" data-id=\"8b798f4\" data-element_type=\"widget\" data-e-type=\"widget\" data-widget_type=\"heading.default\">\n\t\t\t\t<div class=\"elementor-widget-container\">\n\t\t\t\t\t<h3 class=\"elementor-heading-title elementor-size-default\">A keni pyetje?<\/h3>\t\t\t\t<\/div>\n\t\t\t\t<\/div>\n\t\t\t\t<div class=\"elementor-element elementor-element-289fb89 elementor-widget elementor-widget-medibazar-button\" data-id=\"289fb89\" data-element_type=\"widget\" data-e-type=\"widget\" data-widget_type=\"medibazar-button.default\">\n\t\t\t\t<div class=\"elementor-widget-container\">\n\t\t\t\t\t<div class=\"medibazar-button\"><a class=\"c-btn button light medium wide medibazar-btn\" href=\"mailto:info@pastraclean.com\">D\u00ebrgo email  <\/a><\/div>\t\t\t\t<\/div>\n\t\t\t\t<\/div>\n\t\t\t\t\t<\/div>\n\t\t<\/div>\n\t\t\t\t\t<\/div>\n\t\t<\/section>\n\t\t\t\t<section class=\"elementor-section elementor-top-section elementor-element elementor-element-ed69cc6 elementor-section-full_width elementor-hidden-desktop elementor-hidden-tablet elementor-hidden-mobile elementor-section-height-default elementor-section-height-default\" data-id=\"ed69cc6\" data-element_type=\"section\" data-e-type=\"section\">\n\t\t\t\t\t\t<div class=\"elementor-container elementor-column-gap-no\">\n\t\t\t\t\t<div class=\"elementor-column elementor-col-100 elementor-top-column elementor-element elementor-element-9536df8\" data-id=\"9536df8\" data-element_type=\"column\" data-e-type=\"column\">\n\t\t\t<div class=\"elementor-widget-wrap elementor-element-populated\">\n\t\t\t\t\t\t<div class=\"elementor-element elementor-element-e272d33 elementor-widget elementor-widget-medibazar-testimonial\" data-id=\"e272d33\" data-element_type=\"widget\" data-e-type=\"widget\" data-widget_type=\"medibazar-testimonial.default\">\n\t\t\t\t<div class=\"elementor-widget-container\">\n\t\t\t\t\t<div class=\"testimonial-area pt-100 pb-175\" data-background=\"https:\/\/klbtheme.com\/medibazar\/wp-content\/uploads\/2020\/09\/testimonial.jpg\"><div class=\"container\"><div class=\"row\"><div class=\"col-xl-6 col-lg-6 offset-lg-3 offset-xl-3\"><div class=\"section-title text-center mb-65\"><h2>What Our Client\u2019s Say<\/h2><p>Sed ut perspiciatis unde omnis iste natus error<\/p><\/div><\/div><\/div><div class=\"row test-active\"><div class=\"col-xl-6\"><div class=\"testimonial-wrapper\"><div class=\"inner-test d-flex justify-content-between align-items-center\"><div class=\"test-img\"><img decoding=\"async\" src=\"https:\/\/klbtheme.com\/medibazar\/wp-content\/uploads\/2020\/09\/01-1.png\" alt=\"\"><\/div><div class=\"test-rating\"><i class=\"fas fa-star\"><\/i><i class=\"fas fa-star\"><\/i><i class=\"fas fa-star\"><\/i><i class=\"fas fa-star\"><\/i><i class=\"fas fa-star\"><\/i><\/div><\/div><div class=\"test-text\"><p>Sed perspiciatis unde omnis iste natus erolup tatem accusantium doloremque laudantium totam reperiam eaque ipsa quae ab illo inventore veritatis et quasi architecto beatae vitae dicta sunt explicabo.<\/p><h4>Sebastian Barry<\/h4><span>Business Manager<\/span><\/div><\/div><\/div><div class=\"col-xl-6\"><div class=\"testimonial-wrapper\"><div class=\"inner-test d-flex justify-content-between align-items-center\"><div class=\"test-img\"><img decoding=\"async\" src=\"https:\/\/klbtheme.com\/medibazar\/wp-content\/uploads\/2020\/09\/02.png\" alt=\"\"><\/div><div class=\"test-rating\"><i class=\"fas fa-star\"><\/i><i class=\"fas fa-star\"><\/i><i class=\"fas fa-star\"><\/i><i class=\"fas fa-star\"><\/i><i class=\"fas fa-star\"><\/i><\/div><\/div><div class=\"test-text\"><p>Sed perspiciatis unde omnis iste natus erolup tatem accusantium doloremque laudantium totam reperiam eaque ipsa quae ab illo inventore veritatis et quasi architecto beatae vitae dicta sunt explicabo.<\/p><h4>Oliver Greenwood<\/h4><span>Designer<\/span><\/div><\/div><\/div><div class=\"col-xl-6\"><div class=\"testimonial-wrapper\"><div class=\"inner-test d-flex justify-content-between align-items-center\"><div class=\"test-img\"><img decoding=\"async\" src=\"https:\/\/klbtheme.com\/medibazar\/wp-content\/uploads\/2020\/09\/01-1.png\" alt=\"\"><\/div><div class=\"test-rating\"><i class=\"fas fa-star\"><\/i><i class=\"fas fa-star\"><\/i><i class=\"fas fa-star\"><\/i><i class=\"fas fa-star\"><\/i><i class=\"fas fa-star\"><\/i><\/div><\/div><div class=\"test-text\"><p>Sed perspiciatis unde omnis iste natus erolup tatem accusantium doloremque laudantium totam reperiam eaque ipsa quae ab illo inventore veritatis et quasi architecto beatae vitae dicta sunt explicabo.<\/p><h4>Daisy Lana<\/h4><span>Designer<\/span><\/div><\/div><\/div><div class=\"col-xl-6\"><div class=\"testimonial-wrapper\"><div class=\"inner-test d-flex justify-content-between align-items-center\"><div class=\"test-img\"><img decoding=\"async\" src=\"https:\/\/klbtheme.com\/medibazar\/wp-content\/uploads\/2020\/09\/02.png\" alt=\"\"><\/div><div class=\"test-rating\"><i class=\"fas fa-star\"><\/i><i class=\"fas fa-star\"><\/i><i class=\"fas fa-star\"><\/i><i class=\"fas fa-star\"><\/i><i class=\"fas fa-star\"><\/i><\/div><\/div><div class=\"test-text\"><p>Sed perspiciatis unde omnis iste natus erolup tatem accusantium doloremque laudantium totam reperiam eaque ipsa quae ab illo inventore veritatis et quasi architecto beatae vitae dicta sunt explicabo.<\/p><h4>Alden Smith<\/h4><span>Designer<\/span><\/div><\/div><\/div><\/div><\/div><\/div>\t\t\t\t<\/div>\n\t\t\t\t<\/div>\n\t\t\t\t\t<\/div>\n\t\t<\/div>\n\t\t\t\t\t<\/div>\n\t\t<\/section>\n\t\t\t\t<\/div>\n\t\t","protected":false},"excerpt":{"rendered":"<p>Rreth Nesh Home 20 + Vite Eksperienc\u00eb Historia dhe vizioni i Pastra Me mbi 20 vjet eksperienc\u00eb dhe nj\u00eb vendosm\u00ebri ndaj cil\u00ebsis\u00eb, PASTRA shk\u00eblqen n\u00eb prodhimin dhe tregtimin e produkteve t\u00eb pastrimit n\u00eb t\u00eb gjith\u00eb rajonin. Q\u00eb nga themelimi yn\u00eb, ne kemi ofruar vazhdimisht zgjidhje pastrimi efikase dhe t\u00eb besueshme p\u00ebr \u00e7do nevoj\u00eb, n\u00ebp\u00ebrmjet inovacionit<\/p>\n<div class=\"klb-readmore\"><a class=\"c-btn\" href=\"https:\/\/pastraclean.com\/sq\/rreth-nesh\/\">Read More <i class=\"far fa-plus\"><\/i><\/a><\/div>\n","protected":false},"author":2,"featured_media":0,"parent":0,"menu_order":0,"comment_status":"closed","ping_status":"closed","template":"","meta":{"footnotes":""},"class_list":["post-1254","page","type-page","status-publish","hentry"],"_links":{"self":[{"href":"https:\/\/pastraclean.com\/sq\/wp-json\/wp\/v2\/pages\/1254","targetHints":{"allow":["GET"]}}],"collection":[{"href":"https:\/\/pastraclean.com\/sq\/wp-json\/wp\/v2\/pages"}],"about":[{"href":"https:\/\/pastraclean.com\/sq\/wp-json\/wp\/v2\/types\/page"}],"author":[{"embeddable":true,"href":"https:\/\/pastraclean.com\/sq\/wp-json\/wp\/v2\/users\/2"}],"replies":[{"embeddable":true,"href":"https:\/\/pastraclean.com\/sq\/wp-json\/wp\/v2\/comments?post=1254"}],"version-history":[{"count":17,"href":"https:\/\/pastraclean.com\/sq\/wp-json\/wp\/v2\/pages\/1254\/revisions"}],"predecessor-version":[{"id":1384,"href":"https:\/\/pastraclean.com\/sq\/wp-json\/wp\/v2\/pages\/1254\/revisions\/1384"}],"wp:attachment":[{"href":"https:\/\/pastraclean.com\/sq\/wp-json\/wp\/v2\/media?parent=1254"}],"curies":[{"name":"wp","href":"https:\/\/api.w.org\/{rel}","templated":true}]}}